{"id":2448,"date":"2022-09-28T12:41:42","date_gmt":"2022-09-28T10:41:42","guid":{"rendered":"https:\/\/www.vanwijkverf.nl\/retail\/?page_id=2448"},"modified":"2022-10-24T09:47:15","modified_gmt":"2022-10-24T07:47:15","slug":"groothandel","status":"publish","type":"page","link":"https:\/\/www.vanwijkverf.nl\/retail\/services\/groothandel\/","title":{"rendered":"Groothandel"},"content":{"rendered":"<div class=\"wpb-content-wrapper\"><p>[vc_row el_class=&#8221;breadcrumbs&#8221;][vc_column el_class=&#8221;pageinside&#8221;][vc_column_text]<nav aria-label=\"breadcrumbs\" class=\"rank-math-breadcrumb\"><p><span class=\"last\">Home<\/span><\/p><\/nav>[\/vc_column_text][\/vc_column][\/vc_row][vc_row][vc_column][vc_row_inner equal_height=&#8221;yes&#8221; content_placement=&#8221;bottom&#8221; el_class=&#8221;paddingtopandbottom100px-col-l paddingtopandbottom100px-col-lm paddingtopandbottom50px-col-m-s&#8221; css=&#8221;.vc_custom_1653321968976{padding-top: 0px !important;}&#8221;][vc_column_inner el_class=&#8221;boxleftpage paddingtop100px-col-l paddingtop100px-col-lm paddingtop50px-col-m-s&#8221; css=&#8221;.vc_custom_1652268531811{padding-bottom: 0px !important;}&#8221; offset=&#8221;vc_col-lg-6 vc_col-md-7 vc_col-xs-12&#8243;][vc_column_text el_class=&#8221;redcolor&#8221;]<\/p>\n<h1>Groothandel<\/h1>\n<p>[\/vc_column_text][vc_column_text el_class=&#8221;margintop25px-col-l margintop15px-col-m margintop5px-col-s&#8221;]<\/p>\n<h2>D\u00e9 verfgroothandel voor de retailer<\/h2>\n<p>[\/vc_column_text][vc_column_text el_class=&#8221;margintop25px-col-l&#8221;]Van Wijk Verf is d\u00e9 groothandel voor elke retailer in Nederland. Met meer dan 15.000 producten van 100 merken, bieden wij je het breedste en diepste assortiment in verf en aanverwante artikelen van Nederland. Want wij weten, net als jij, dat de keuze van het juiste product het verschil maakt voor jouw klanten.<\/p>\n<p>Wij zijn m\u00e9\u00e9r dan een groothandel. Ons doel? Jou als retailer \u00e9cht helpen. Daarom zijn we met ruim 60 jaar ervaring ook jouw kennis- en businesspartner. We zijn er voor je als je een spoedje hebt. We delen graag onze kennis met je. En denken met je mee hoe je het n\u00f3g beter kunt doen. Dat is pas samenwerken.<br \/>\n[\/vc_column_text][vc_column_text el_class=&#8221;boxlilialencontactpage linksassortiment margintop50px-col-l margintop40px-col-m-s col-l-displaynone show-col-m-12&#8243;]<\/p>\n<h4 class=\"marginbottom25px-col-l\">Groothandel services:<\/h4>\n<p><a href=\"https:\/\/www.vanwijkverf.nl\/retail\/services\/groothandel\/online-bestellen\/\">(Online) bestellen<\/a><br \/>\n<a href=\"https:\/\/www.vanwijkverf.nl\/retail\/services\/groothandel\/bestel-app\/\">Bestel-app<\/a><br \/>\n<a href=\"https:\/\/www.vanwijkverf.nl\/retail\/services\/groothandel\/gratis-bezorgservice\/\">Gratis bezorgservice<\/a><br \/>\n<a href=\"https:\/\/www.vanwijkverf.nl\/retail\/services\/groothandel\/compleet-assortiment\/\">Compleet assortiment<\/a>[\/vc_column_text][\/vc_column_inner][vc_column_inner el_class=&#8221;boxrightimg&#8221; css=&#8221;.vc_custom_1665571446423{background-image: url(https:\/\/www.vanwijkverf.nl\/retail\/wp-content\/uploads\/2022\/10\/Van-Wijk-Verf-Retail-207.jpg?id=2684) !important;background-position: center !important;background-repeat: no-repeat !important;background-size: cover !important;}&#8221; offset=&#8221;vc_col-lg-6 vc_col-md-5 vc_hidden-sm vc_col-xs-12 vc_hidden-xs&#8221;][vc_column_text el_class=&#8221;boxcategorieen2 linksassortiment&#8221;]<\/p>\n<h4 class=\"marginbottom25px-col-l\">Groothandel services:<\/h4>\n<p><a href=\"https:\/\/www.vanwijkverf.nl\/retail\/services\/groothandel\/online-bestellen\/\">(Online) bestellen<\/a><br \/>\n<a href=\"https:\/\/www.vanwijkverf.nl\/retail\/services\/groothandel\/bestel-app\/\">Bestel-app<\/a><br \/>\n<a href=\"https:\/\/www.vanwijkverf.nl\/retail\/services\/groothandel\/gratis-bezorgservice\/\">Gratis bezorgservice<\/a><br \/>\n<a href=\"https:\/\/www.vanwijkverf.nl\/retail\/services\/groothandel\/compleet-assortiment\/\">Compleet assortiment<\/a>[\/vc_column_text][\/vc_column_inner][vc_column_inner el_class=&#8221;margintop50px-col-m margintop40px-col-m-s&#8221; offset=&#8221;vc_hidden-lg vc_hidden-md&#8221;][vc_single_image image=&#8221;2684&#8243; img_size=&#8221;1200&#215;900&#8243;][\/vc_column_inner][\/vc_row_inner][\/vc_column][\/vc_row][vc_row css=&#8221;.vc_custom_1665571456509{border-top-width: 1px !important;border-bottom-width: 1px !important;border-top-color: #000000 !important;border-top-style: solid !important;border-bottom-color: #000000 !important;border-bottom-style: solid !important;}&#8221;][vc_column]<div class=\"templatera_shortcode\"><div class=\"vc_row wpb_row vc_row-fluid uspbar\"><div class=\"pageinside wpb_column vc_column_container vc_col-sm-12\"><div class=\"vc_column-inner\"><div class=\"wpb_wrapper\">\n\t<div class=\"wpb_text_column wpb_content_element\" >\n\t\t<div class=\"wpb_wrapper\">\n\t\t\t<ul>\n<li>Altijd gratis bezorging<\/li>\n<li>Eigen bestelapp<\/li>\n<li>8 filialen<\/li>\n<li>Grootste assortiment van NL<\/li>\n<li>Eigen chauffeurs en logistiek<\/li>\n<\/ul>\n\n\t\t<\/div>\n\t<\/div>\n<\/div><\/div><\/div><\/div><\/div>[\/vc_column][\/vc_row][vc_row el_class=&#8221;boxklantenaanhetwoord paddingtopandbottom100px-col-l paddingtopandbottom75px-col-lm paddingtopandbottom50px-col-m-s&#8221;][vc_column css_animation=&#8221;fadeIn&#8221; el_class=&#8221;pageinside&#8221;][vc_row_inner][vc_column_inner][vc_column_text el_class=&#8221;h2large&#8221;]<\/p>\n<h2>Wat onze klanten zeggen<\/h2>\n<p>[\/vc_column_text][\/vc_column_inner][\/vc_row_inner][vc_row_inner el_class=&#8221;boxcarrouselklanten margintop50px-col-l margintop40px-col-m-s&#8221;][vc_column_inner]<div id=\"ult-carousel-14545045096a09a790c3cce\" class=\"ult-carousel-wrapper   ult_horizontal\" data-gutter=\"20\" data-rtl=\"false\" ><div class=\"ult-carousel-6528251406a09a790c3b10 \" ><div class=\"ult-item-wrap\" data-animation=\"animated no-animation\">\n\t<div class=\"wpb_raw_code wpb_raw_html wpb_content_element &#8221;tekstquoteblok&#8221;\" >\n\t\t<div class=\"wpb_wrapper\">\n\t\t\t<p class=\"tekstquote\">\u201cDe bestelapp van Van Wijk Verf werkt logisch en is daarom voor iedereen gemakkelijk in gebruik. Als winkelmedewerker \u00e9n inkoper scheelt dit mij enorm veel tijd.\u201d<\/p>\n\n<div class=\"boxfotoennaam\"><img decoding=\"async\" class=\"afbeeldingenquote\" src=\"https:\/\/www.vanwijkverf.nl\/wp-content\/uploads\/2022\/05\/10-Colors@Home.jpg\" alt=\"\" width=\"100\" height=\"100\" title=\"\">\n\n<div class=\"naamtitel\"><h5 class=\"naameigenaar\">Evelien Braakhekke<\/h5>\n<p class=\"titeleigenaar\">Evelien Braakhekke van Colors@Home Weevers in Zutphen<\/p><\/div>\n\n<\/div>\n\t\t<\/div>\n\t<\/div>\n<\/div><div class=\"ult-item-wrap\" data-animation=\"animated no-animation\">\n\t<div class=\"wpb_raw_code wpb_raw_html wpb_content_element &#8221;tekstquoteblok&#8221;\" >\n\t\t<div class=\"wpb_wrapper\">\n\t\t\t<p class=\"tekstquote\">\"Voor verf en toebehoren bestel ik elke donderdag bij Van Wijk Verf. Daar geldt: afspraak is afspraak, dus ik krijg altijd op vrijdag de order binnen. Het assortiment is breed, zo bieden we onze klanten een ruime keuze.\u201d<\/p>\n\n<div class=\"boxfotoennaam\"><img decoding=\"async\" class=\"afbeeldingenquote\" src=\"https:\/\/www.vanwijkverf.nl\/wp-content\/uploads\/2022\/05\/15-Country-Store.jpg\" alt=\"\" width=\"100\" height=\"100\" title=\"\">\n\n<div class=\"naamtitel\"><h5 class=\"naameigenaar\">Richard van Goor<\/h5>\n<p class=\"titeleigenaar\">Eigenaar van De Country Store in Odiliapeel<\/p><\/div>\n\n<\/div>\n\t\t<\/div>\n\t<\/div>\n<\/div><div class=\"ult-item-wrap\" data-animation=\"animated no-animation\">\n\t<div class=\"wpb_raw_code wpb_raw_html wpb_content_element &#8221;tekstquoteblok&#8221;\" >\n\t\t<div class=\"wpb_wrapper\">\n\t\t\t<p class=\"tekstquote\">\"Wat fijn om door van Wijk ge\u00efnformeerd te worden, zeer vriendelijk en veel kennis van de producten. Samen met een goede webshop en hele snelle levering, is het een plezier om zaken te doen met elkaar.\"<\/p>\n\n<div class=\"boxfotoennaam\"><img decoding=\"async\" class=\"afbeeldingenquote\" src=\"https:\/\/www.vanwijkverf.nl\/retail\/wp-content\/uploads\/2022\/10\/image001.png\" alt=\"\" width=\"100\" height=\"100\" title=\"\">\n\n<div class=\"naamtitel\"><h5 class=\"naameigenaar\">Joost Hecker<\/h5>\n<p class=\"titeleigenaar\">Eigenaar van Firma Hecker & Hecker in Amstelveen<\/p><\/div>\n\n<\/div>\n\t\t<\/div>\n\t<\/div>\n<\/div><div class=\"ult-item-wrap\" data-animation=\"animated no-animation\">\n\t<div class=\"wpb_raw_code wpb_raw_html wpb_content_element &#8221;tekstquoteblok&#8221;\" >\n\t\t<div class=\"wpb_wrapper\">\n\t\t\t<p class=\"tekstquote\">\"Heel handig om online bij Van Wijk te bestellen. Geen gebonden aantallen, goed verpakt en de bezorgers zijn super vriendelijk. Ook het contact met Mark Beck is prettig. Fijn bedrijf om zaken mee te doen.\"<\/p>\n\n<div class=\"boxfotoennaam\"><img decoding=\"async\" class=\"afbeeldingenquote\" src=\"https:\/\/www.vanwijkverf.nl\/retail\/wp-content\/uploads\/2022\/10\/Greijn.jpg\" alt=\"\" width=\"100\" height=\"100\" title=\"\">\n\n<div class=\"naamtitel\"><h5 class=\"naameigenaar\">Hans en Lisette van Greijn<\/h5>\n<p class=\"titeleigenaar\">Eigenaren van Winkelvangreijn in Neeritter<\/p><\/div>\n\n<\/div>\n\t\t<\/div>\n\t<\/div>\n<\/div><\/div><\/div>\t\t\t<script type=\"text\/javascript\">\n\t\t\t\tjQuery(document).ready(function ($) {\n\t\t\t\t\tif( typeof jQuery('.ult-carousel-6528251406a09a790c3b10').slick == \"function\"){\n\t\t\t\t\t\t$('.ult-carousel-6528251406a09a790c3b10').slick({dots: false,autoplay: true,autoplaySpeed: \"5000\",speed: \"500\",infinite: true,arrows: true,nextArrow: '<button type=\"button\" role=\"button\" aria-label=\"Next\" style=\"color:#333333; font-size:30px;\" class=\"slick-next default\"><i class=\"ultsl-arrow-right4\"><\/i><\/button>',prevArrow: '<button type=\"button\" role=\"button\" aria-label=\"Previous\" style=\"color:#333333; font-size:30px;\" class=\"slick-prev default\"><i class=\"ultsl-arrow-left4\"><\/i><\/button>',slidesToScroll:2,slidesToShow:2,swipe: true,draggable: true,touchMove: true,pauseOnHover: true,pauseOnFocus: false,adaptiveHeight: true,responsive: [\n\t\t\t\t\t\t\t{\n\t\t\t\t\t\t\t  breakpoint: 1026,\n\t\t\t\t\t\t\t  settings: {\n\t\t\t\t\t\t\t\tslidesToShow: 2,\n\t\t\t\t\t\t\t\tslidesToScroll: 2,  \n\t\t\t\t\t\t\t  }\n\t\t\t\t\t\t\t},\n\t\t\t\t\t\t\t{\n\t\t\t\t\t\t\t  breakpoint: 1025,\n\t\t\t\t\t\t\t  settings: {\n\t\t\t\t\t\t\t\tslidesToShow: 2,\n\t\t\t\t\t\t\t\tslidesToScroll: 2\n\t\t\t\t\t\t\t  }\n\t\t\t\t\t\t\t},\n\t\t\t\t\t\t\t{\n\t\t\t\t\t\t\t  breakpoint: 760,\n\t\t\t\t\t\t\t  settings: {\n\t\t\t\t\t\t\t\tslidesToShow: 1,\n\t\t\t\t\t\t\t\tslidesToScroll: 1\n\t\t\t\t\t\t\t  }\n\t\t\t\t\t\t\t}\n\t\t\t\t\t\t],pauseOnDotsHover: true,customPaging: function(slider, i) {\n                   return '<i type=\"button\" style= \"color:#333333;\" class=\"ultsl-record\" data-role=\"none\"><\/i>';\n                },});\n\t\t\t\t\t}\n\t\t\t\t});\n\t\t\t<\/script>\n\t\t\t[\/vc_column_inner][\/vc_row_inner][\/vc_column][\/vc_row][vc_row][vc_column]<div class=\"templatera_shortcode\"><div data-vc-full-width=\"true\" data-vc-full-width-temp=\"true\" data-vc-full-width-init=\"false\" class=\"vc_row wpb_row vc_row-fluid paddingtopandbottom100px-col-l paddingtopandbottom75px-col-lm paddingtopandbottom50px-col-m-s boxctafooter vc_row-o-content-middle vc_row-flex\"><div class=\"pageinside wpb_animate_when_almost_visible wpb_fadeIn fadeIn wpb_column vc_column_container vc_col-sm-12 vc_col-lg-offset-1 vc_col-lg-10 vc_col-md-offset-1 vc_col-md-10\"><div class=\"vc_column-inner\"><div class=\"wpb_wrapper\"><div class=\"vc_row wpb_row vc_inner vc_row-fluid boxstartcaro vc_row-o-equal-height vc_row-o-content-bottom vc_row-flex\"><div class=\"wpb_column vc_column_container vc_col-sm-12 vc_col-lg-5 vc_col-md-5\"><div class=\"vc_column-inner\"><div class=\"wpb_wrapper\">\n\t<div class=\"wpb_text_column wpb_content_element h2large redcolor\" >\n\t\t<div class=\"wpb_wrapper\">\n\t\t\t<h2>Waar kunnen we jou mee helpen?<\/h2>\n\n\t\t<\/div>\n\t<\/div>\n\n\t<div class=\"wpb_text_column wpb_content_element margintop25px-col-l\" >\n\t\t<div class=\"wpb_wrapper\">\n\t\t\t<p>Ontdek wat het betekent om met professionals te werken die jouw business begrijpen, altijd voor je klaarstaan en je \u00e9cht verder helpen. <\/p>\n\n\t\t<\/div>\n\t<\/div>\n\n\t<div class=\"wpb_text_column wpb_content_element buttonbox margintop50px-col-l margintop40px-col-m-s\" >\n\t\t<div class=\"wpb_wrapper\">\n\t\t\t<p><a href=\"https:\/\/www.vanwijkverf.nl\/retail\/contact\/\">Neem contact op<\/a> <a class=\"textlink zwartbutton\" href=\"https:\/\/www.vanwijkverf.nl\/retail\/contact\/klant-worden\/\">Of ontdek de voordelen van klant worden<\/a><\/p>\n\n\t\t<\/div>\n\t<\/div>\n<\/div><\/div><\/div><div class=\"boxfooterbox margintop50px-col-m margintop40px-col-m-s wpb_column vc_column_container vc_col-sm-12 vc_col-lg-offset-1 vc_col-lg-6 vc_col-md-offset-1 vc_col-md-6 vc_col-xs-12 vc_col-has-fill\"><div class=\"vc_column-inner vc_custom_1665560983648\"><div class=\"wpb_wrapper\">\n\t<div class=\"wpb_text_column wpb_content_element redcolor\" >\n\t\t<div class=\"wpb_wrapper\">\n\t\t\t<h5>Mark Beck<\/h5>\n\n\t\t<\/div>\n\t<\/div>\n\n\t<div class=\"wpb_text_column wpb_content_element margintop5px-col-l\" >\n\t\t<div class=\"wpb_wrapper\">\n\t\t\t<p>Retailmanager <\/p>\n\n\t\t<\/div>\n\t<\/div>\n\n\t<div class=\"wpb_text_column wpb_content_element margintop12punt5px-col-l boxcontactelements\" >\n\t\t<div class=\"wpb_wrapper\">\n\t\t\t<p><a class=\"boxcall\" href=\"tel:+31621295744 \">06 - 21295744<\/a> <a class=\"boxapp\" href=\"https:\/\/api.whatsapp.com\/send?phone=31621295744\" rel=\"nofollow noopener\" target=\"_blank\">Stuur een appje!<\/a> <a class=\"boxmail\" href=\"mailto:mark@vanwijkverf.nl \">mark@vanwijkverf.nl <\/a><\/p>\n\n\t\t<\/div>\n\t<\/div>\n<\/div><\/div><\/div><\/div><\/div><\/div><\/div><\/div><div class=\"vc_row-full-width vc_clearfix\"><\/div><\/div>[\/vc_column][\/vc_row][vc_row][vc_column]<div class=\"templatera_shortcode\"><div class=\"vc_row wpb_row vc_row-fluid paddingtopandbottom50px-col-l boxgreybackground\"><div class=\"pageinside wpb_animate_when_almost_visible wpb_fadeIn fadeIn wpb_column vc_column_container vc_col-sm-12\"><div class=\"vc_column-inner\"><div class=\"wpb_wrapper\"><div class=\"vc_row wpb_row vc_inner vc_row-fluid boxfooterbeforelinks vc_custom_1646680672018 vc_column-gap-25 vc_row-o-equal-height vc_row-flex\"><div class=\"wpb_column vc_column_container vc_col-sm-6 vc_col-lg-3 vc_col-md-6 vc_col-xs-12\"><div class=\"vc_column-inner\"><div class=\"wpb_wrapper\">\n\t<div class=\"wpb_text_column wpb_content_element\" >\n\t\t<div class=\"wpb_wrapper\">\n\t\t\t<h5>Contactgegevens<\/h5>\n\n\t\t<\/div>\n\t<\/div>\n\n\t<div class=\"wpb_text_column wpb_content_element margintop5px-col-l boxcontactelements2\" >\n\t\t<div class=\"wpb_wrapper\">\n\t\t\t<div class=\"boxlocatie\"><span style=\"font-weight: bold;\">Hoofdfiliaal<\/span><br \/>\nKellenseweg 20<br \/>\n4004 JD Tiel<\/div>\n<p><a class=\"bellen\" href=\"tel:0344614141\">0344 \u2013 614 141<\/a><\/p>\n<p><a class=\"app-footer\" href=\"https:\/\/api.whatsapp.com\/send?phone=31630098212\" rel=\"nofollow noopener\" target=\"_blank\">06 \u2013 30098212<\/a><\/p>\n<p><a class=\"mail-footer\" href=\"mailto:tiel@vanwijkverf.nl\">tiel@vanwijkverf.nl<\/a><\/p>\n\n\t\t<\/div>\n\t<\/div>\n\n\t<div class=\"wpb_raw_code wpb_raw_html wpb_content_element\" >\n\t\t<div class=\"wpb_wrapper\">\n\t\t\t<div class=\"boxsocialfooter\">\n\n\t\t\t\t\t\t<a class=\"facebook\" href=\"https:\/\/www.facebook.com\/Vanwijkverf\/\" rel=\"nofollow noopener\" target=\"_blank\"><\/a>\n\t\t\t\t\t\t<a class=\"linkedin\" href=\"https:\/\/www.linkedin.com\/company\/18324020\/\" rel=\"nofollow noopener\" target=\"_blank\"><\/a>\n\t\t\t\t\t\t<a class=\"instagram\" href=\"https:\/\/www.instagram.com\/vanwijkverf\/\" rel=\"nofollow noopener\" target=\"_blank\"><\/a>\n\n<\/div>\n\t\t<\/div>\n\t<\/div>\n<\/div><\/div><\/div><div class=\"wpb_column vc_column_container vc_col-sm-6 vc_col-lg-3 vc_col-md-6 vc_col-xs-12\"><div class=\"vc_column-inner\"><div class=\"wpb_wrapper\">\n\t<div class=\"wpb_text_column wpb_content_element\" >\n\t\t<div class=\"wpb_wrapper\">\n\t\t\t<h5><a href=\"https:\/\/www.vanwijkverf.nl\/retail\/services\/\">Services<\/a><\/h5>\n\n\t\t<\/div>\n\t<\/div>\n\n\t<div class=\"wpb_text_column wpb_content_element margintop5px-col-l\" >\n\t\t<div class=\"wpb_wrapper\">\n\t\t\t<p><a class=\"largeitem\" href=\"https:\/\/www.vanwijkverf.nl\/retail\/services\/bestel-en-bezorgservice\/\">Groothandel<\/a><br \/>\n<a class=\"subitem\" href=\"https:\/\/www.vanwijkverf.nl\/retail\/services\/online-bestellen\/\">(Online) bestellen<\/a><br \/>\n<a class=\"subitem\" href=\"https:\/\/www.vanwijkverf.nl\/retail\/services\/bestel-app\/\">Bestel-app<\/a><br \/>\n<a class=\"subitem\" href=\"https:\/\/www.vanwijkverf.nl\/retail\/services\/gratis-bezorgservice\/\">Gratis bezorgservice<\/a><br \/>\n<a class=\"subitem\" href=\"https:\/\/www.vanwijkverf.nl\/retail\/services\/compleet-assortiment\/\">Compleet assortiment<\/a><\/p>\n<p><a class=\"largeitem\" href=\"https:\/\/www.vanwijkverf.nl\/retail\/services\/kennispartner\/\">Kennispartner<\/a><br \/>\n<a class=\"subitem\" href=\"https:\/\/www.vanwijkverf.nl\/retail\/services\/kennispartner\/verfadvies\/\">Verftechnisch advies<\/a><br \/>\n<a class=\"subitem\" href=\"https:\/\/www.vanwijkverf.nl\/retail\/services\/kennispartner\/kleuradvies\/\">Kleuradvies<\/a><br \/>\n<a class=\"subitem\" href=\"https:\/\/www.vanwijkverf.nl\/retail\/services\/kennispartner\/verfspuitadvies\/\">Verfspuitadvies<\/a><br \/>\n<a class=\"subitem\" href=\"https:\/\/www.vanwijkverf.nl\/retail\/services\/kennispartner\/vloeradvies\/\">Vloeradvies<\/a><\/p>\n<p><a class=\"largeitem\" href=\"https:\/\/www.vanwijkverf.nl\/retail\/services\/businesspartner\/\">Businesspartner<\/a><br \/>\n<a class=\"subitem\" href=\"https:\/\/www.vanwijkverf.nl\/retail\/services\/businesspartner\/marketingondersteuning\/\">Marketingondersteuning<\/a><br \/>\n<a class=\"subitem\" href=\"https:\/\/www.vanwijkverf.nl\/retail\/services\/schappenplan\/\">Schappenplan<\/a><br \/>\n<a class=\"subitem\" href=\"https:\/\/www.vanwijkverf.nl\/retail\/services\/winstoptimalisatie\/\">Winstoptimalisatie<\/a><\/p>\n\n\t\t<\/div>\n\t<\/div>\n<\/div><\/div><\/div><div class=\"wpb_column vc_column_container vc_col-sm-6 vc_col-lg-offset-0 vc_col-lg-3 vc_col-md-offset-0 vc_col-md-4 vc_col-xs-12\"><div class=\"vc_column-inner\"><div class=\"wpb_wrapper\">\n\t<div class=\"wpb_text_column wpb_content_element\" >\n\t\t<div class=\"wpb_wrapper\">\n\t\t\t<h5><a href=\"https:\/\/www.vanwijkverf.nl\/retail\/assortiment\/\">Assortiment<\/a><\/h5>\n\n\t\t<\/div>\n\t<\/div>\n\n\t<div class=\"wpb_text_column wpb_content_element margintop5px-col-l\" >\n\t\t<div class=\"wpb_wrapper\">\n\t\t\t<p><a href=\"https:\/\/www.vanwijkverf.nl\/retail\/assortiment\/muurverf-en-lakken\/\">Muurverf en lakken<\/a><br \/>\n<a href=\"https:\/\/www.vanwijkverf.nl\/retail\/assortiment\/non-paint\/\">Non-paint producten<\/a><br \/>\n<a href=\"https:\/\/www.vanwijkverf.nl\/retail\/assortiment\/gereedschap\/\">Gereedschap<\/a><br \/>\n<a href=\"https:\/\/www.vanwijkverf.nl\/retail\/assortiment\/gereedschap\/\">Wand- en vloerafwerking<\/a><br \/>\n<a href=\"https:\/\/www.vanwijkverf.nl\/retail\/assortiment\/reparatie-en-vulmiddelen\/\">Reparatie- en vulmiddelen<\/a><br \/>\n<a href=\"https:\/\/www.vanwijkverf.nl\/retail\/assortiment\/spuitapparatuur\/\">Spuitapparatuur<\/a><br \/>\n<a href=\"https:\/\/www.vanwijkverf.nl\/retail\/assortiment\/alle-merken\/\">Alle merken<\/a><\/p>\n\n\t\t<\/div>\n\t<\/div>\n\n\t<div class=\"wpb_text_column wpb_content_element margintop20px-col-l\" >\n\t\t<div class=\"wpb_wrapper\">\n\t\t\t<h5><a href=\"https:\/\/www.vanwijkverf.nl\/retail\/voor-retailers\/\">Voor retailers<\/a><\/h5>\n\n\t\t<\/div>\n\t<\/div>\n\n\t<div class=\"wpb_text_column wpb_content_element margintop5px-col-l\" >\n\t\t<div class=\"wpb_wrapper\">\n\t\t\t<p><a href=\"https:\/\/www.vanwijkverf.nl\/retail\/voor-retailers\/zelfstandige-verfwinkels\/\">Zelfstandige verfwinkels<\/a><br \/>\n<a href=\"https:\/\/www.vanwijkverf.nl\/retail\/voor-retailers\/doe-het-zelf-zaken\/\">Doe-het-zelf-zaken<\/a><br \/>\n<a href=\"https:\/\/www.vanwijkverf.nl\/retail\/voor-retailers\/verf-behang-speciaalzaken\/\">Verf-behang-speciaalzaken<\/a><br \/>\n<a href=\"https:\/\/www.vanwijkverf.nl\/retail\/voor-retailers\/uw-groene-vakwinkel\/\">Uw Groene Vakwinkel<\/a><\/p>\n\n\t\t<\/div>\n\t<\/div>\n<\/div><\/div><\/div><div class=\"wpb_column vc_column_container vc_col-sm-6 vc_col-lg-offset-0 vc_col-lg-3 vc_col-md-offset-2 vc_col-md-4 vc_col-xs-12\"><div class=\"vc_column-inner\"><div class=\"wpb_wrapper\">\n\t<div class=\"wpb_text_column wpb_content_element\" >\n\t\t<div class=\"wpb_wrapper\">\n\t\t\t<h5><a href=\"https:\/\/www.vanwijkverf.nl\/retail\/kenniscentrum\/\">Kenniscentrum<\/a><\/h5>\n\n\t\t<\/div>\n\t<\/div>\n\n\t<div class=\"wpb_text_column wpb_content_element margintop20px-col-l\" >\n\t\t<div class=\"wpb_wrapper\">\n\t\t\t<h5><a href=\"https:\/\/www.vanwijkverf.nl\/retail\/actueel\/\">Actueel<\/a><\/h5>\n\n\t\t<\/div>\n\t<\/div>\n\n\t<div class=\"wpb_text_column wpb_content_element margintop5px-col-l\" >\n\t\t<div class=\"wpb_wrapper\">\n\t\t\t<p><a href=\"https:\/\/www.vanwijkverf.nl\/retail\/actueel\/retailnieuws\/\">Retailnieuws<\/a><br \/>\n<a href=\"https:\/\/www.vanwijkverf.nl\/retail\/actueel\/retailprojecten\/\">Retailprojecten<\/a><br \/>\n<a href=\"https:\/\/www.vanwijkverf.nl\/retail\/actueel\/retailvacatures\/\">Retailvacatures<\/a><br \/>\n<a href=\"https:\/\/www.vanwijkverf.nl\/retail\/actueel\/de-vizier\/\">Vizier<\/a><\/p>\n\n\t\t<\/div>\n\t<\/div>\n\n\t<div class=\"wpb_text_column wpb_content_element margintop20px-col-l\" >\n\t\t<div class=\"wpb_wrapper\">\n\t\t\t<h5><a href=\"https:\/\/www.vanwijkverf.nl\/retail\/over-ons\/\">Over ons<\/a><\/h5>\n\n\t\t<\/div>\n\t<\/div>\n\n\t<div class=\"wpb_text_column wpb_content_element margintop20px-col-l\" >\n\t\t<div class=\"wpb_wrapper\">\n\t\t\t<h5><a href=\"https:\/\/www.vanwijkverf.nl\/retail\/contact\/\">Contact<\/a><\/h5>\n\n\t\t<\/div>\n\t<\/div>\n\n\t<div class=\"wpb_text_column wpb_content_element margintop5px-col-l\" >\n\t\t<div class=\"wpb_wrapper\">\n\t\t\t<p><a href=\"https:\/\/onlinebestellen.vanwijkverf.nl:83\/\" target=\"_blank\" rel=\"noopener nofollow\">Online bestellen<\/a><br \/>\n<a href=\"https:\/\/www.vanwijkverf.nl\/retail\/contact\/klant-worden\/\">Klant worden?<\/a><\/p>\n\n\t\t<\/div>\n\t<\/div>\n<\/div><\/div><\/div><\/div><\/div><\/div><\/div><\/div><\/div>[\/vc_column][\/vc_row]<\/p>\n<\/div>","protected":false},"excerpt":{"rendered":"Home Groothandel D\u00e9 verfgroothandel voor de retailer Van Wijk Verf is d\u00e9 groothandel voor elke retailer in Nederland. Met meer dan 15.000 producten van 100 merken, bieden wij je het breedste en diepste assortiment in verf en aanverwante artikelen van Nederland. Want wij weten, net als jij, dat de keuze van het juiste product het [...]","protected":false},"author":1,"featured_media":0,"parent":499,"menu_order":0,"comment_status":"closed","ping_status":"closed","template":"","meta":{"_acf_changed":false,"footnotes":""},"class_list":["post-2448","page","type-page","status-publish","hentry"],"acf":[],"_links":{"self":[{"href":"https:\/\/www.vanwijkverf.nl\/retail\/wp-json\/wp\/v2\/pages\/2448","targetHints":{"allow":["GET"]}}],"collection":[{"href":"https:\/\/www.vanwijkverf.nl\/retail\/wp-json\/wp\/v2\/pages"}],"about":[{"href":"https:\/\/www.vanwijkverf.nl\/retail\/wp-json\/wp\/v2\/types\/page"}],"author":[{"embeddable":true,"href":"https:\/\/www.vanwijkverf.nl\/retail\/wp-json\/wp\/v2\/users\/1"}],"replies":[{"embeddable":true,"href":"https:\/\/www.vanwijkverf.nl\/retail\/wp-json\/wp\/v2\/comments?post=2448"}],"version-history":[{"count":5,"href":"https:\/\/www.vanwijkverf.nl\/retail\/wp-json\/wp\/v2\/pages\/2448\/revisions"}],"predecessor-version":[{"id":2450,"href":"https:\/\/www.vanwijkverf.nl\/retail\/wp-json\/wp\/v2\/pages\/2448\/revisions\/2450"}],"up":[{"embeddable":true,"href":"https:\/\/www.vanwijkverf.nl\/retail\/wp-json\/wp\/v2\/pages\/499"}],"wp:attachment":[{"href":"https:\/\/www.vanwijkverf.nl\/retail\/wp-json\/wp\/v2\/media?parent=2448"}],"curies":[{"name":"wp","href":"https:\/\/api.w.org\/{rel}","templated":true}]}}